{"id":324,"date":"2022-03-09T16:02:00","date_gmt":"2022-03-09T15:02:00","guid":{"rendered":"http:\/\/www.zelenkovac.com\/?page_id=324"},"modified":"2022-07-15T16:41:06","modified_gmt":"2022-07-15T15:41:06","slug":"jazz-festival-2022","status":"publish","type":"page","link":"https:\/\/www.zelenkovac.com\/?page_id=324","title":{"rendered":"Jazz festival 2022"},"content":{"rendered":"\n<p><\/p>\n\n\n\n<figure class=\"wp-block-image size-large\"><img decoding=\"async\" loading=\"lazy\" width=\"724\" height=\"1024\" src=\"https:\/\/www.zelenkovac.com\/wp-content\/uploads\/2022\/07\/plakata2-v4-2022-4-724x1024.jpg\" alt=\"\" class=\"wp-image-344\" srcset=\"https:\/\/www.zelenkovac.com\/wp-content\/uploads\/2022\/07\/plakata2-v4-2022-4-724x1024.jpg 724w, https:\/\/www.zelenkovac.com\/wp-content\/uploads\/2022\/07\/plakata2-v4-2022-4-scaled-300x424.jpg 300w, https:\/\/www.zelenkovac.com\/wp-content\/uploads\/2022\/07\/plakata2-v4-2022-4-212x300.jpg 212w, https:\/\/www.zelenkovac.com\/wp-content\/uploads\/2022\/07\/plakata2-v4-2022-4-768x1086.jpg 768w, https:\/\/www.zelenkovac.com\/wp-content\/uploads\/2022\/07\/plakata2-v4-2022-4-543x768.jpg 543w, https:\/\/www.zelenkovac.com\/wp-content\/uploads\/2022\/07\/plakata2-v4-2022-4-1086x1536.jpg 1086w, https:\/\/www.zelenkovac.com\/wp-content\/uploads\/2022\/07\/plakata2-v4-2022-4-scaled.jpg 1810w\" sizes=\"(max-width: 724px) 100vw, 724px\" \/><\/figure>\n\n\n\n<p><strong><em>\u010cetvrtak\u00a0\u00a0 28.7.2022<\/em><\/strong><\/p>\n\n\n\n<p><strong><em>CHRIS ECKMAN TRIO (USA, Slovenija)<\/em><\/strong><\/p>\n\n\n\n<p>Kris Ekman je osniva\u010d, multi-instrumentalista, glavni vocal uz Karlu Togerson kao i autor svih pesama u kultnom indie\/folk\/rock bendu The Walkabouts. Od nastanka 1983. godine do danas The Walkabouts su objavili ne\u0161to manje od 20 albuma za ugledne izdava\u010de kao \u0161to su Sub Pop, Glitterhouse i Virgin. Ekman je region \u010desto pose\u0107ivao tokom poslednje decenije (\u017eivi u Ljubljani), a nastupao je i sa The Walkabouts ili samo sa Karlom Torgensen \u2013 kao Chris &amp; Carla \u2013 ili sa nekim od svojih balkanskih projekata (sa The Frictions npr). Ekman je radio i kao producent sa grupom Bambi Molesters, a sa \u010dlanovima tog kultnog benda, imao je zajedni\u010dku grupu The Strange. Producent je bio nekoliko vanserijskih albuma svojih prijatelja Stiva Vina (Steve Wynn) i Willard Grant Conspiracy. \u010clan je i Dirtmusic, koji pored njega \u010dini i Hugo Race (ex-Bad Seeds). Sa sobom dovodi svoj trio a na basu svira \u017diga Golob, basista Tamare Obrovac.<\/p>\n\n\n\n<figure class=\"wp-block-embed\"><div class=\"wp-block-embed__wrapper\">\nhttps:\/\/chriseckman.bandcamp.com\n<\/div><\/figure>\n\n\n\n<p><strong>Akusti\u010dni Ansambl KLO klo (NOVI SAD)<\/strong><\/p>\n\n\n\n<p>KLO klo iz Novog Sada \u010dine pet muzi\u010dkih virtuoza : vokal (Vanja Mani\u0107-Mati\u0107), harmonika (Lazar Novkov), akusti\u010dna gitara (Predrag \u0110uri\u0107), kontrabas (Ervin Malina) i perkusije (I\u0161tvan \u010cik), koji od svog nastanka doprinose naro\u010dito frankofoniji, ali i \u0161ire, dele\u0107i svoje veliko muzi\u010dko iskustvo u izvo\u0111enju. Zaneseni mediteranskim vinom i karipskim mirisom ljubavi ovaj akusti\u010dni ansambl se opredelio za izvedbu upravo tamo nastanjenih muzi\u010dkih dragulja i \u017eanrovske raznolikosti. KLO klo : \u00ab Kada bi nas pitali, a mi malo razmislili o tome, rekli bismo da je dovoljno \u0161to sviramo sami sebi i iskreno u\u017eivamo u tome poklanjaju\u0107i jedni drugima sre\u0107u i zahvalnost \u0161to nas je muzika spojila. A kada to podelimo sa publikom nastaje prava erupcija u razmeni emocija. Ovom prilikom \u017eelimo da podelimo na\u0161u ljubav prema muzici kroz raznoliko \u017eanrovsko izvo\u0111enje i mislimo da je Zelenkovac Jazz savr\u0161ena prilika, da je podelimo sa Vama.\u00bb<\/p>\n\n\n\n<figure class=\"wp-block-embed-youtube wp-block-embed is-type-video is-provider-youtube wp-embed-aspect-16-9 wp-has-aspect-ratio\"><div class=\"wp-block-embed__wrapper\">\n<iframe loading=\"lazy\" title=\"KLO klo - Vite Passe - LIVE in Nototeka II\" width=\"474\" height=\"267\" src=\"https:\/\/www.youtube.com\/embed\/3D-XJqad1_4?feature=oembed\" frameborder=\"0\" allow=\"accelerometer; autoplay; clipboard-write; encrypted-media; gyroscope; picture-in-picture; web-share\" allowfullscreen><\/iframe>\n<\/div><\/figure>\n\n\n\n<p><strong>SONAS &amp; NYMF (Novi Sad, Holandija)<\/strong><strong><\/strong><\/p>\n\n\n\n<p><strong>Sonas &amp; Nymf<\/strong>&nbsp;su muzicku saradnju uspostavili 2020. i tokom godine pandemije su stvorili svoj prvi zajednicki album-Blue Void koji je izdat u martu 2021. god. od strane CD baby distributera i dostupan je na vodecim streaming platfromama. Album je spoj progresivnog elektro zvuka sa melodicnim harmonijama. Sonas i Nymf gaje ljubav prema razlicitim kulturama, sto se moze osetiti kroz fuziju zvuka (modernog i drevnog, istoka i zapada) i upotrebu vise razlicitih jezika u izrazu. Sonas i Nymf trenutno rade na drugom zajednickom albumu. <strong>Sonas<\/strong>&nbsp;se pevanjem bavi od 15. godine. Pro\u0161la je intenzivnu vokalnu obuku kod Madame Piano. Nastupala je kao vokalni solista od gimnazijskih dana na koncertima world music-a, keltske i filmske muzike. Tokom studija je osmlislila koatuorski ambijentalni album Amber sa kompozitorm Vladimirom Puhalcem koji su predstavili u Norve\u0161koj i Srbiji. Bogat jezi\u010dki izraz u muzici je rezultat studiranja arapskog, \u0161panskog I engleskog jezika I dugogodi\u0161njeg \u017eivota u Omanu I Dubaiju. <strong>Nymf<\/strong>&nbsp;se bavi muzikom od tinejdzerskih dana kada uci da svira razne instumente i to mu dosta pomaze u sveoubuhvatnom razumevanju kompleksnosti muzike i produkcije. Poceo je da miskuje I producira muziku 2012.&nbsp; Voli da akcentuje tranzicije \/ prelaze u pesmama. Posebno uziva da remiksuje iimprovizuje uzivo na bini. Muzicki stilovi po kojima je najprepoznatljiviju su elektro, trans. hip hop muzika sa dominatnim zouk ritmom. Kao dj bio je gost na brojnim festivalima brazilskog zouka: Zouk ME (Dubai), Zouk Devils (Mataro, Spain), Zouk Elements (Zouk in Heaven Portugal &amp; Srilanka), Dutch Zouk Congress, Kiev Zouk Festival, Gdansk (Poland), SoulZouk Weekend (Bonn), ZoukMass (Bremen), kao i na drugim manjim festivalima sirom Evrope i Rusije.<\/p>\n\n\n\n<figure class=\"wp-block-embed-youtube wp-block-embed is-type-video is-provider-youtube wp-embed-aspect-16-9 wp-has-aspect-ratio\"><div class=\"wp-block-embed__wrapper\">\nhttps:\/\/www.youtube.com\/watch?v=58EYU4uij9M&#038;t=654s\n<\/div><\/figure>\n\n\n\n<p><strong><em>Petak&nbsp; 29.7.2022<\/em><\/strong><\/p>\n\n\n\n<p><strong><em>EMBRYO (Njema\u010dka)<\/em><\/strong><\/p>\n\n\n\n<p>\u201eEmbryo \u2013 to su vam ludo kreativni muzi\u010dari koji sviraju neke jako dobre stvari!\u201c (Miles Davis)<br>\u201eVe\u0107 50 godina Embryo pravi najuzbudljiviju fuziju muzike iz celog sveta\u201c (Eurock reviews)<br>Jedan od najoriginalnijih i najneobi\u010dnijih krautrok bendova dana\u0161njice, Embryo spaja tradicionalnu etno muziku sa sopstvenim d\u017eez space rock stilom. U svojih 52! godine iskustva na sceni i 20 izdatih albuma, bend je proputovao svijet sviraju\u0107i sa stotine razli\u010ditih muzi\u010dara svih \u017eanrova. Formirani 1969 u Minhenu u Nema\u010dkoj, Embryo predstavlja jedan od najva\u017enijih njema\u010dkih d\u017eez \u2013 rok bendova sedamdesetih, a kritika ih opisuje i kao eklekti\u010dni krautrok bend. U svojoj dugogodi\u0161njoj karijeri svirali su sa velikim d\u017eez pijanistom Mal Waldronom, saksofonistom Charlie Marianom, te imenima kao \u0161to su Trilok Gurtu, Fela Kuti i mnogi drugi.<\/p>\n\n\n\n<figure class=\"wp-block-embed\"><div class=\"wp-block-embed__wrapper\">\nhttps:\/\/embryo.jimdosite.com\n<\/div><\/figure>\n\n\n\n<p><strong>In Momento (Holandija)<\/strong><\/p>\n\n\n\n<p>In Momento je bend koji su okupili veliki prijatelj Zelenkovca, Peter Senstius koji svira flatu i njegov prijatelj Janus Ursepuny a koji sa sobom dovode jo\u0161 par prijatelja sa kojima \u0107e nastupiti nekoliko puta na najljep\u0161oj pozornici na Zelenkovcu<\/p>\n\n\n\n<p><strong><em>Kanton 6 (Skoplje)<\/em><\/strong><\/p>\n\n\n\n<p>Bend donosi nam zanimljiv d\u017eez izraz \u2013 elektronski krosover. Zasnovan na plesnom ritmu, Kanton6 nadogra\u0111uje improvizacije u\u017eivo muzi\u010dkom ili bilo kojom drugom idejom: la\u017ena mitologija, lukava upotreba etna i stalni priliv kvalitetnog d\u017eeza.<\/p>\n\n\n\n<p>Poslednji album \u201eJazzus\u201c izdali su u julu 2021, bogatog izraza, smeo, prava muzi\u010dka avantura koja \u0107e vam se u\u017eivo predstaviti. Bend \u010dine Mirko Popov (ma\u0161ina i glas), Sini\u0161a Evtimov (klavijature, gitara), Vladan Drobicki (trombon).<\/p>\n\n\n\n<p><strong><em>Projekt (Pan\u010devo)<\/em><\/strong>. Osnovan decembra 2015. Originalna muzika ansambla komponovana je od strane svih clanova, mesavina je klasicne muzike, dzeza i popularne muzike. Pancevacka muzicka koalicija dolazi naostrena ritmovima i gruvovima s puno slobode, duhovnog pristupa ka slusanju, disanju i dozivljavanju zivota, ljubavi i muzike, u nadi da ce se postici taj trenutak blazene harmonije koji povezuje ceo kosmos i salje poruke zivotima udaljenim mnogo svetlosnih godina. <\/p>\n\n\n\n<p>postava: Vuka\u0161in Gogo\u0161 &#8211; klarinet \/ Ognjen \u0160arac &#8211; gitara \/ Vukan Pote\u017eica &#8211; bas \/ Nikola Radi\u0107 &#8211; bubanj<\/p>\n\n\n\n<p><strong><em>Subota&nbsp;&nbsp;&nbsp; 30.7.2022<\/em><\/strong><\/p>\n\n\n\n<p><strong><em>MILAN PETROVI\u0106 KVARTET (Novi Sad)<\/em><\/strong><\/p>\n\n\n\n<p>MPQ svira instrumentalnu muziku, sa razli\u010ditim elementima funka, bluza, svinga i svetske muzike, na osnovu kompozicija Milana Petrovi\u0107a i specifi\u010dnih aran\u017emana poznatih muzi\u010dkih tema. Do pojave virusa, bili su jedan od najaktivnijih bendova na srpskoj blues i jazz sceni. Svirali su na mnogobrojnim festivalima u Srbiji (primer main stage Ni\u0161ville jazz festivala 2016 godine) i u svim zemljama regiona, Slovenija, Hrvatska, Makedonija, Bosna i Hercegovina, Crna Gora. U inostranstvu su nastupali u Kini, Austriji i Rumuniji, a sam Milan Petrovi\u0107 je nastupao \u0161irom sveta a pre svega u Amsterdamu, Moskvi i Njujorku. Do sada su objavili albume &#8220;Excursion&#8221;, &#8220;Favorites&#8221;, &#8220;Dates&#8221; (u saradnji sa hrvatskim gitaristom Brunom Mi\u010deti\u0107em) i &#8220;Emotions&#8221; i dva \u017eiva albuma &#8220;Live @ Ni\u0161ville Jazz Festival 2014&#8221; i &#8220;High Voltage Studio Sessions Vol.2 &#8220;.<\/p>\n\n\n\n<p>Sva izdanja Quarteta mo\u017eete poslu\u0161ati na slede\u0107em linku:<\/p>\n\n\n\n<figure class=\"wp-block-embed\"><div class=\"wp-block-embed__wrapper\">\nhttps:\/\/mpquartet.bandcamp.com\/music\n<\/div><\/figure>\n\n\n\n<h1 class=\"wp-block-heading\">a vi\u0161e informacija o sastavu mo\u017eete dobiti tu: <a href=\"http:\/\/www.milanpetrovic.com\">www.milanpetrovic.com<\/a><\/h1>\n\n\n\n<p><strong><em>Lolita (Ljubljana)<\/em><\/strong><strong><em><\/em><\/strong><\/p>\n\n\n\n<p>Osnovana 1987. godine, Lolita su veterani ljubljanske jazz scene. Kroz svojih 13 albuma i preko brojnih \u017eivih nastupa i projekata, svoje jazz temelje su pro\u0161irili na mnoga druga polja, posebno na rock, etno, groove i slobodnu improvizaciju. Za sebe ka\u017eu da sviraju \u00bbHIEnergy turbo porno minimal sugrafree pop funky overdrive etno brootal HardGroovie NUJazz. Bend su osnovali Primo\u017e Simon\u010di\u0107 i Iztok vidmar koji su prije toga svirali u legendarnim slovenskim sastavima Srp, Quatebriga i \u010cao Pi\u010dke. Bend je sedam godina sara\u0111ivao sa Zijahom Sokolovi\u0107em i pratili ga na njegovoj predstavi \u00bbMedved\u00ab. Bend je nastupao na svim va\u017enijim festivalima u regionu, od Kumanova, preko Ni\u0161a-Nishville jazz festivala, Beograda, Ljubljana jazz festivala Pepsi Szigeta u Budimpe\u0161ti a nastupali su i u Moskvi, Tel Avivu, Utrehtu i Erevanu.<\/p>\n\n\n\n<figure class=\"wp-block-embed\"><div class=\"wp-block-embed__wrapper\">\nhttps:\/\/zars.bandcamp.com\/album\/uantauantauantanara\n<\/div><\/figure>\n\n\n\n<figure class=\"wp-block-embed-youtube wp-block-embed is-type-video is-provider-youtube wp-embed-aspect-4-3 wp-has-aspect-ratio\"><div class=\"wp-block-embed__wrapper\">\n<iframe loading=\"lazy\" title=\"Lolita - Loki @ DrugaGodba, Krizanke. 1996\" width=\"474\" height=\"356\" src=\"https:\/\/www.youtube.com\/embed\/QbkA3IHO-DU?feature=oembed\" frameborder=\"0\" allow=\"accelerometer; autoplay; clipboard-write; encrypted-media; gyroscope; picture-in-picture; web-share\" allowfullscreen><\/iframe>\n<\/div><\/figure>\n\n\n\n<figure class=\"wp-block-embed\"><div class=\"wp-block-embed__wrapper\">\nhttp:\/\/www.ljudmila.org\/lolita\n<\/div><\/figure>\n\n\n\n<p><strong>IPPIO PAYO (Minhen, Murter)<\/strong><\/p>\n\n\n\n<p>Ippio Payo je samostalan projekt muzi\u010dara sa Murtera, Josipa Pavlova, koji je 90-tih bio \u010dlan bendova Bi\u0107a sa slika, Blue 1000 i Kriti\u010dna masa na kota\u010dima. U me\u0111uvremenu je odselio u M\u00fcnchen, pa njegova biografija danas obuhva\u0107a i sastave\/projekte: Majmoon, Das Weisse Pferd, The Grexits, Zwinkelman, NAQ i najnoviji Ippio Payo.<br>Usporedno se bavi i komponovanjem za pozori\u0161te i film. Pod imenom Ippio Payo, snimio je dva albuma a uskoro izlazi i njegov tre\u0107i album. \u0160ta \u0107emo slu\u0161ati na Zelenkovcu? Isklju\u010divo instrumentalne kompozicije, kojima su o\u010dito kumovali post rock velikani Slint i Tortoise, kombiniraju kakofoniju zvuka \u017ei\u010danih instrumenata s poliritmijom, potpomognute sa trubom. Hipnoti\u010dne i narativne, komentar vremena i sugestija mjesta u kome su nastale i u kome se izvode. <\/p>\n\n\n\n<p><a rel=\"noreferrer noopener\" href=\"https:\/\/l.facebook.com\/l.php?u=https%3A%2F%2Fippiopayo.bandcamp.com%2Falbum%2Fdeus-ex-machina%3Ffbclid%3DIwAR0tb1z2-G0U_Z1vrE6KmAF3VBmT9KFyN-q70XqzBVZuT2f05YrYG2lS8sA&amp;h=AT3l-unFsgv7aRhAHJYSIE1gfADTXF3GdHRFuNYhzL8tYVWpfSL8LMgzV5GJI2Sgs9sgWeZYEaS0LnBB93u0wQnhPeb8me2xn_ke--PmO8Kq0zFtJcRkOb7sqhnezV6HT0cJueE&amp;__tn__=q&amp;c[0]=AT0NOTJTKOnTsvv0nI5p_6a6xrBBlt0tmep9HR7k5JN6hD2r9n1PZlX_P6t-MYC_NuQWTnMIRMZt59KLitcwN7Opu4sA44Zabs97e2hLGAUVmBEA1ru6Zmj06C_am8I9QyHbQ6lJ2PEob73KQK2bFC6u2qczOpIWbOqD-Of_ghaMlwM\" target=\"_blank\">https:\/\/ippiopayo.bandcamp.com\/album\/deus-ex-machina<\/a><\/p>\n","protected":false},"excerpt":{"rendered":"<p>\u010cetvrtak\u00a0\u00a0 28.7.2022 CHRIS ECKMAN TRIO (USA, Slovenija) Kris Ekman je osniva\u010d, multi-instrumentalista, glavni vocal uz Karlu Togerson kao i autor svih pesama u kultnom indie\/folk\/rock bendu The Walkabouts. Od nastanka &hellip; <a href=\"https:\/\/www.zelenkovac.com\/?page_id=324\" class=\"more-link\">Continue reading <span class=\"screen-reader-text\">Jazz festival 2022<\/span> <span class=\"meta-nav\">&rarr;<\/span><\/a><\/p>\n","protected":false},"author":2,"featured_media":0,"parent":0,"menu_order":0,"comment_status":"closed","ping_status":"closed","template":"","meta":[],"_links":{"self":[{"href":"https:\/\/www.zelenkovac.com\/index.php?rest_route=\/wp\/v2\/pages\/324"}],"collection":[{"href":"https:\/\/www.zelenkovac.com\/index.php?rest_route=\/wp\/v2\/pages"}],"about":[{"href":"https:\/\/www.zelenkovac.com\/index.php?rest_route=\/wp\/v2\/types\/page"}],"author":[{"embeddable":true,"href":"https:\/\/www.zelenkovac.com\/index.php?rest_route=\/wp\/v2\/users\/2"}],"replies":[{"embeddable":true,"href":"https:\/\/www.zelenkovac.com\/index.php?rest_route=%2Fwp%2Fv2%2Fcomments&post=324"}],"version-history":[{"count":8,"href":"https:\/\/www.zelenkovac.com\/index.php?rest_route=\/wp\/v2\/pages\/324\/revisions"}],"predecessor-version":[{"id":345,"href":"https:\/\/www.zelenkovac.com\/index.php?rest_route=\/wp\/v2\/pages\/324\/revisions\/345"}],"wp:attachment":[{"href":"https:\/\/www.zelenkovac.com\/index.php?rest_route=%2Fwp%2Fv2%2Fmedia&parent=324"}],"curies":[{"name":"wp","href":"https:\/\/api.w.org\/{rel}","templated":true}]}}