{"id":27,"date":"2015-06-01T18:12:30","date_gmt":"2015-06-01T17:12:30","guid":{"rendered":"http:\/\/www.zelenkovac.org\/?page_id=27"},"modified":"2018-03-07T17:18:38","modified_gmt":"2018-03-07T16:18:38","slug":"jazz-festival","status":"publish","type":"page","link":"https:\/\/www.zelenkovac.com\/?page_id=27","title":{"rendered":"Jazz Festival"},"content":{"rendered":"<p>[:en]<\/p>\n<div class=\"page\" title=\"Page 1\">\n<div class=\"section\">\n<div class=\"layoutArea\">\n<div class=\"column\">\n<p style=\"text-align: justify;\">Zelenkovac Jazz Festival is held every year in the ecological zone Zelenkovac, located in the heart of Bosnia and Herzegovina, 15 km from Mrkonji\u0107 Grad and 60 km south of Banja Luka. During three days, in the end of July, the festival offers live jazz music, as well as workshops on different subjects such as culture, environmental protection or sustainable tourism.<\/p>\n<p style=\"text-align: justify;\">Through this peaceful, multi-ethnic event in a pristine nature, access to jazz music is offered to everyone in a rural area where cultural happenings have to be developed and supported. Local and upcoming artists have the opportunity to play along with international renowned pairs (over the past years: Monty Waters (USA), Hanes Backman (Germany), Imre Kesegi (Hungary), Michael Blum (Belgrade\/Tel-Aviv), Vlatko Stefanovski (FYROM), Troitsa (Belarus), Let\u2019s Quit (Netherland), Jamaican Jukebox, Jazz Foundation (Netherland), W5 (France), among others).<\/p>\n<\/div>\n<div class=\"column\"><a href=\"http:\/\/www.zelenkovac.org\/wp-content\/uploads\/2015\/06\/Poster-Billboard.001.jpg\"><img decoding=\"async\" loading=\"lazy\" class=\"aligncenter size-large wp-image-123\" src=\"http:\/\/www.zelenkovac.org\/wp-content\/uploads\/2015\/06\/Poster-Billboard.001-1024x722.jpg\" alt=\"Poster - Billboard.001\" width=\"474\" height=\"334\" srcset=\"https:\/\/www.zelenkovac.com\/wp-content\/uploads\/2015\/06\/Poster-Billboard.001-1024x722.jpg 1024w, https:\/\/www.zelenkovac.com\/wp-content\/uploads\/2015\/06\/Poster-Billboard.001-300x212.jpg 300w, https:\/\/www.zelenkovac.com\/wp-content\/uploads\/2015\/06\/Poster-Billboard.001-768x542.jpg 768w\" sizes=\"(max-width: 474px) 100vw, 474px\" \/><\/a><\/div>\n<\/div>\n<p><a href=\"http:\/\/www.zelenkovac.org\/wp-content\/uploads\/2015\/06\/DSC02997.jpg\"><img decoding=\"async\" loading=\"lazy\" class=\"aligncenter size-large wp-image-31\" src=\"http:\/\/www.zelenkovac.org\/wp-content\/uploads\/2015\/06\/DSC02997-1024x768.jpg\" alt=\"DSC02997\" width=\"474\" height=\"356\" srcset=\"https:\/\/www.zelenkovac.com\/wp-content\/uploads\/2015\/06\/DSC02997-1024x768.jpg 1024w, https:\/\/www.zelenkovac.com\/wp-content\/uploads\/2015\/06\/DSC02997-300x225.jpg 300w\" sizes=\"(max-width: 474px) 100vw, 474px\" \/><\/a><\/p>\n<\/div>\n<p><a href=\"http:\/\/www.zelenkovac.org\/wp-content\/uploads\/2015\/06\/DSC02886.jpg\"><img decoding=\"async\" loading=\"lazy\" class=\"aligncenter size-large wp-image-30\" src=\"http:\/\/www.zelenkovac.org\/wp-content\/uploads\/2015\/06\/DSC02886-1024x768.jpg\" alt=\"DSC02886\" width=\"474\" height=\"356\" srcset=\"https:\/\/www.zelenkovac.com\/wp-content\/uploads\/2015\/06\/DSC02886-1024x768.jpg 1024w, https:\/\/www.zelenkovac.com\/wp-content\/uploads\/2015\/06\/DSC02886-300x225.jpg 300w\" sizes=\"(max-width: 474px) 100vw, 474px\" \/><\/a><\/p>\n<\/div>\n<p>[:bs]<\/p>\n<p style=\"text-align: justify;\">Zelenkova\u010dki Jazz Festival odr\u017eava se svake godine krajem jula unutar ekolo\u0161ke zone locirane u srcu Bosne i Hercegovine udaljene 15 km od Mrkonji\u0107 Grada, a 70 od Banjaluke. Tokom tri dana pored \u017eivih jazz svirki, u ponudi festivala na\u0111u se i radionice koje se bave kulturom, za\u0161titom okoli\u0161a i odr\u017eivim turizmom.<\/p>\n<p style=\"text-align: justify;\">Kroz ovaj multietni\u010dki doga\u0111aj u iskonskoj prirodi pru\u017eamo ruku pomirenja i otvaramo pristup jazz muzici lokalnom ruralnom podneblju unutar kojeg kulturni doga\u0111aji tek trebaju biti razvijeni i podr\u017eani. Lokalnim i nadolaze\u0107im umjetnicima\/cama se otvara mogu\u0107nost da nastupaju na istoj bini sa poznatim izvo\u0111a\u010dima. (Proteklih godina, neki od njih: Monty Waters (SAD), Hanes Backman (Njema\u010dka), Imre Kesegi (Ma\u0111arska), Michael Blum (Beograd\/Tel-Aviv), Vlatko Stefanovski (BJR Makedonija), Troitsa (Bjelorusija), Let\u2019s Quit (Holandija), Jamaican Jukebox, Jazz Foundation (Holandija), W5 (Francuska)&#8230;)<\/p>\n<p style=\"text-align: justify;\">\n<div class=\"column\"><a href=\"http:\/\/www.zelenkovac.org\/wp-content\/uploads\/2015\/06\/Poster-Billboard.001.jpg\"><img decoding=\"async\" loading=\"lazy\" class=\"aligncenter size-large wp-image-123\" src=\"http:\/\/www.zelenkovac.org\/wp-content\/uploads\/2015\/06\/Poster-Billboard.001-1024x722.jpg\" alt=\"Poster - Billboard.001\" width=\"474\" height=\"334\" srcset=\"https:\/\/www.zelenkovac.com\/wp-content\/uploads\/2015\/06\/Poster-Billboard.001-1024x722.jpg 1024w, https:\/\/www.zelenkovac.com\/wp-content\/uploads\/2015\/06\/Poster-Billboard.001-300x212.jpg 300w, https:\/\/www.zelenkovac.com\/wp-content\/uploads\/2015\/06\/Poster-Billboard.001-768x542.jpg 768w\" sizes=\"(max-width: 474px) 100vw, 474px\" \/><\/a><\/div>\n<p style=\"text-align: justify;\"><a href=\"http:\/\/www.zelenkovac.org\/wp-content\/uploads\/2015\/06\/DSC02886.jpg\"><img decoding=\"async\" loading=\"lazy\" class=\"aligncenter wp-image-30 size-large\" src=\"http:\/\/www.zelenkovac.org\/wp-content\/uploads\/2015\/06\/DSC02886-1024x768.jpg\" alt=\"DSC02886\" width=\"474\" height=\"356\" srcset=\"https:\/\/www.zelenkovac.com\/wp-content\/uploads\/2015\/06\/DSC02886-1024x768.jpg 1024w, https:\/\/www.zelenkovac.com\/wp-content\/uploads\/2015\/06\/DSC02886-300x225.jpg 300w\" sizes=\"(max-width: 474px) 100vw, 474px\" \/><\/a> <a href=\"http:\/\/www.zelenkovac.org\/wp-content\/uploads\/2015\/06\/DSC02997.jpg\"><img decoding=\"async\" loading=\"lazy\" class=\"aligncenter wp-image-31 size-large\" src=\"http:\/\/www.zelenkovac.org\/wp-content\/uploads\/2015\/06\/DSC02997-1024x768.jpg\" alt=\"DSC02997\" width=\"474\" height=\"356\" srcset=\"https:\/\/www.zelenkovac.com\/wp-content\/uploads\/2015\/06\/DSC02997-1024x768.jpg 1024w, https:\/\/www.zelenkovac.com\/wp-content\/uploads\/2015\/06\/DSC02997-300x225.jpg 300w\" sizes=\"(max-width: 474px) 100vw, 474px\" \/><\/a><\/p>\n<p>[:]<\/p>\n","protected":false},"excerpt":{"rendered":"<p>[:en] Zelenkovac Jazz Festival is held every year in the ecological zone Zelenkovac, located in the heart of Bosnia and Herzegovina, 15 km from Mrkonji\u0107 Grad and 60 km south &hellip; <a href=\"https:\/\/www.zelenkovac.com\/?page_id=27\" class=\"more-link\">Continue reading <span class=\"screen-reader-text\">Jazz Festival<\/span> <span class=\"meta-nav\">&rarr;<\/span><\/a><\/p>\n","protected":false},"author":2,"featured_media":0,"parent":0,"menu_order":2,"comment_status":"closed","ping_status":"closed","template":"","meta":[],"_links":{"self":[{"href":"https:\/\/www.zelenkovac.com\/index.php?rest_route=\/wp\/v2\/pages\/27"}],"collection":[{"href":"https:\/\/www.zelenkovac.com\/index.php?rest_route=\/wp\/v2\/pages"}],"about":[{"href":"https:\/\/www.zelenkovac.com\/index.php?rest_route=\/wp\/v2\/types\/page"}],"author":[{"embeddable":true,"href":"https:\/\/www.zelenkovac.com\/index.php?rest_route=\/wp\/v2\/users\/2"}],"replies":[{"embeddable":true,"href":"https:\/\/www.zelenkovac.com\/index.php?rest_route=%2Fwp%2Fv2%2Fcomments&post=27"}],"version-history":[{"count":11,"href":"https:\/\/www.zelenkovac.com\/index.php?rest_route=\/wp\/v2\/pages\/27\/revisions"}],"predecessor-version":[{"id":143,"href":"https:\/\/www.zelenkovac.com\/index.php?rest_route=\/wp\/v2\/pages\/27\/revisions\/143"}],"wp:attachment":[{"href":"https:\/\/www.zelenkovac.com\/index.php?rest_route=%2Fwp%2Fv2%2Fmedia&parent=27"}],"curies":[{"name":"wp","href":"https:\/\/api.w.org\/{rel}","templated":true}]}}