{"id":156,"date":"2018-03-07T17:50:16","date_gmt":"2018-03-07T16:50:16","guid":{"rendered":"http:\/\/www.zelenkovac.org\/?page_id=156"},"modified":"2018-12-18T19:41:22","modified_gmt":"2018-12-18T18:41:22","slug":"jazz-festival-2018","status":"publish","type":"page","link":"https:\/\/www.zelenkovac.com\/?page_id=156","title":{"rendered":"Jazz Festival 2018"},"content":{"rendered":"<p><a href=\"http:\/\/www.zelenkovac.com\/wp-content\/uploads\/2018\/12\/Plakat-Jazz-FB.png\"><img decoding=\"async\" loading=\"lazy\" class=\"aligncenter size-full wp-image-240\" src=\"http:\/\/www.zelenkovac.com\/wp-content\/uploads\/2018\/12\/Plakat-Jazz-FB.png\" alt=\"\" width=\"877\" height=\"1240\" srcset=\"https:\/\/www.zelenkovac.com\/wp-content\/uploads\/2018\/12\/Plakat-Jazz-FB.png 877w, https:\/\/www.zelenkovac.com\/wp-content\/uploads\/2018\/12\/Plakat-Jazz-FB-300x424.png 300w, https:\/\/www.zelenkovac.com\/wp-content\/uploads\/2018\/12\/Plakat-Jazz-FB-212x300.png 212w, https:\/\/www.zelenkovac.com\/wp-content\/uploads\/2018\/12\/Plakat-Jazz-FB-768x1086.png 768w, https:\/\/www.zelenkovac.com\/wp-content\/uploads\/2018\/12\/Plakat-Jazz-FB-724x1024.png 724w, https:\/\/www.zelenkovac.com\/wp-content\/uploads\/2018\/12\/Plakat-Jazz-FB-543x768.png 543w\" sizes=\"(max-width: 877px) 100vw, 877px\" \/><\/a>Po\u0161tovani prijatelji prirode i dru\u0161tva, geografije i istorije, Ekolo\u0161ki pokret &#8220;Zelenkovac&#8221; vas poziva na 18.Zelenkovac jazz fest koji se organizuje od 26. do 29.jula 2018 godine.<\/p>\n<p>Zna\u010di ove godine postajemo punoljetni a ta jedna vrsta odgovornosti koju nosi punoljetnost odrazi\u0107e se i u programu koji polako a sigurno dogovaramo za vas, po\u0161tovani ljubitelji prirode i dobre muzike. Za broj 18 se i ka\u017ee da je simbol inicijative, broj ohrabrenja i prosperiteta. Ohrabreni pro\u0161logodi\u0161njim festivalom, idemo dalje sa jo\u0161 boljim i zanimljivijim programom koji pripremamo za vas.<\/p>\n<p>\u010cetvrtak 26.7.2018<\/p>\n<p>JAYUS JAZZ (fusion, Srbija)<br \/>\nKUHN FU (fusion, Holandija)<br \/>\nDIVJE JEZERO (fusion, Slovenija)<\/p>\n<p>Bend Jayus Jazz nastao je 2013. godine kao trio u sastavu: Zlatko Ili\u0107 (bubnjevi), Lazar Petrovi\u0107 (gitara) i \u010cedomir Ili\u0107 (bas gitara).<br \/>\nU po\u010detku, trio je inspiraciju pronalazio u d\u017eez temama i fank standardima, ali su se ubzo javile originalne ideje koje su vremenom izrasle u autorske instrumentalne kompozicije.<br \/>\nMuzika je u osnovi fuzija roka, fanka i d\u017eeza \u0161arolikih aran\u017emana i melodi\u010dnih tema, ali uz energi\u010dne ritmove i raznovrsne efekte na gitari i basu.<br \/>\nPored brojnih nastupa u klubovima \u0161irom zemlje, tokom 2016. i 2017. godine bend je nastupao i na festivalima Ni\u0161ville, Jazz in Albania, Petrovac Jazz Fest.<\/p>\n<p><a href=\"https:\/\/l.facebook.com\/l.php?u=https%3A%2F%2Fjayusjazz.bandcamp.com%2Falbum%2Ftrial-error&amp;h=ATPjpx1NO9qrsG-a8tFExqGfVKWI9tf_P4LHpXYvdlH_GWjMGYEqHmPUM6ObJ75kgaXvh6Grpr4R6jqI8PvTcr1mVNJRGjxZOEleBu0AAGRIFRV90rk\">https:\/\/jayusjazz.bandcamp.com\/album\/trial-error<\/a><br \/>\n<a href=\"https:\/\/l.facebook.com\/l.php?u=https%3A%2F%2Fwww.youtube.com%2Fwatch%3Fv%3DGacKXB44wlM&amp;h=ATMKPj1q7bFLINRLzu6OaQYaIYWQT6FnCcHsbAhHClNNW0rNTRA_p0mLImHxFHUFFoZYOggo5jawl7MDGdvv0-LEuODjpd9cM9Jw6OBamEXW8Xlj-Tc\">https:\/\/www.youtube.com\/watch?v=GacKXB44wlM<\/a><br \/>\n<a href=\"https:\/\/l.facebook.com\/l.php?u=https%3A%2F%2Fwww.youtube.com%2Fwatch%3Fv%3DRl4yhRgRyG4&amp;h=ATPM58fSXuT314mOK0uu1woDfZn_XdvOnqBfDDP4Uh6UyX6IUiRM0ND4atGtmqLE8GqYK6J6jmlDk3fv0eftQb6JwmyCIugcUDZd6WlfhkByeHhFwHw\">https:\/\/www.youtube.com\/watch?v=Rl4yhRgRyG4<\/a><br \/>\n&#8212;&#8212;&#8212;&#8212;&#8212;&#8212;&#8212;&#8212;&#8212;&#8212;&#8212;&#8212;&#8212;&#8212;&#8212;&#8212;&#8212;&#8212;&#8212;&#8212;&#8212;&#8212;&#8212;&#8212;&#8212;&#8212;&#8212;&#8212;&#8212;&#8212;-<br \/>\nBend &#8220;Kuhn Fu&#8221; je multikulturalni kvartet koji svira glazbu na granici etnojazzrock fuzije sa elementima bluza, psihodelije i free jazz-a. Osnova pulsiraju\u0107e muzike Kuhn Fu pa\u017eljivo je izgra\u0111ena sa jakim gruvom i velikim dinami\u010dnim rasponom melodija. Njihova intenzivna muzika tako\u0111er se temelji na rock i jazz avangardi. Bend \u017eeli da obi\u0111e svijet sviraju\u0107i tako da su veoma \u010desto na turnejama. Donedavno je u ovom bendu bubnjeve svirao Lav Kova\u010d, sin Borisa Kova\u010da.<\/p>\n<p><a href=\"https:\/\/l.facebook.com\/l.php?u=http%3A%2F%2Fkuhnfumusic.com%2F&amp;h=ATMZiushKdB8HFNQpJgDJwETr0pOe4oM6ADp5R4M6Yt_37chy2NWca2lN_u69i13JSUAMbVdAn_7XFG9ebMIR3jOrpsGZUVWtM7bOs31r5pBgg8pOyQ\">http:\/\/kuhnfumusic.com\/<\/a><br \/>\n<a href=\"https:\/\/l.facebook.com\/l.php?u=https%3A%2F%2Fkuhnfumusic.bandcamp.com%2F&amp;h=ATOEaN_Sde1MSDAUzRs4cuo4damAqSxY2O4ZW49HJhrIQHedZNgyfU0Y71t-SEMH5pEw05yNUJn2aB7XjKsH13Jzkcn4-IO377hbCTJWOhIv5CBHlW0\">https:\/\/kuhnfumusic.bandcamp.com\/<\/a><br \/>\n<a href=\"https:\/\/www.youtube.com\/watch?v=e-Ozl7Q6X0g\">https:\/\/www.youtube.com\/watch?v=e-Ozl7Q6X0g<\/a><br \/>\n&#8212;&#8212;&#8212;&#8212;&#8212;&#8212;&#8212;&#8212;&#8212;&#8212;&#8212;&#8212;&#8212;&#8212;&#8212;&#8212;&#8212;&#8212;&#8212;&#8212;&#8212;&#8212;&#8212;&#8212;&#8212;&#8212;&#8212;&#8212;&#8212;&#8212;-<br \/>\nDivje Jezero \u010dine petorica momaka iz \u017eivopisnog planinskog gradi\u0107a Idrija u Sloveniji. Oni su se okupili 2008. godine sa eksplicitnom idejom da sviraju autorsku muziku koja kombinuje njihove omiljene stilove i \u017eanrove. 2009. godine snimili su demo album u formaciji kvarteta, a kasnije se njihovom polifoni\u010dnom zvuku pridru\u017eio i saksofonista, pa objavili svoj debi album &#8220;Mestni vrve\u017e&#8221; (2015). Pro\u0161le godine su izdali i svoj drugi album &#8220;Pobeg iz blodnjaka&#8221;, koji promovi\u0161u nizom koncerata, uglavnom u Sloveniji i Hrvatskoj.<br \/>\nMuzika Divjeg Jezera je u potpunosti instrumentalna sa elegantnom kombinacijom uticaja jazz-a, klasi\u010dnog progresiv roka iz 70-tih, fuzije i bluz, za\u010dinjuju\u0107i sve prstohvatom balkanske senzualnosti i du\u0161e. Me\u0111u nekim od njihovih najvec\u0301ih inspiracija su imena poput Pink Floyd-a, Dream Theater, Yes, Rush, Billy Cobham, Bill Evans, Dixie Dregs, Chick Corea, kao i predstavnici sna\u017ene slovenske progresivne scene iz 1970-ih i 80-ih godina kao \u0161to je Predmestje, Izvir i Son\u010dna Pot.<br \/>\n<a href=\"http:\/\/www.divjejezero.si\/\">http:\/\/www.divjejezero.si\/<\/a><br \/>\n<a href=\"https:\/\/l.facebook.com\/l.php?u=https%3A%2F%2Fwww.youtube.com%2Fwatch%3Fv%3D3IvG8B4eNio&amp;h=ATOWzDp7w17S5XwWXsJ1iBRQjviIQDM63cEXowF-LcTO6LuEltRcA9IqwHZ8Mg1fGB9kG2pOSMy2UnCQ6x7Iaeg0F9Eh2klbGWNGyKRzrK_TGe_U2OU\">https:\/\/www.youtube.com\/watch?v=3IvG8B4eNio<\/a><\/p>\n<p>Petak 27.7.2018<\/p>\n<p>IVAN KAPEC TRIO (jazz, HRVATSKA)<br \/>\nCEDRIC HANRIOT TRIO (jazz, FRANCUSKA)<\/p>\n<p>Gitarist i kompozitor Ivan Kapec aktivno se bavi jazzom i elektronskom muzikom od 90-ih. Svirao je u brojnim jazz ansamblima (Ten Directions, Mirokado Orchestra Quartet Groovie, Mediterranean Trio, etc..), a 2001. osniva vlastiti trio s kojim snima dva albuma, \u201cLancun\u201d i \u201cBava\u201d. Tako\u0111er je osniva\u010d multimedijalne skupine \u201cTrianguli Zona\u201d s kojom nastupa na brojnim festivalima u zemlji i inozemstvu. Od 2009. vodi space jazz bend Capisconne Electro Unity, a zajedno s DJ Laboshom autor je projekta \u201cLoop Chamber Music\u201d. Njegove kompozicije, me\u0111u ostalima, izvodili su Big Band HRT-a, multiinstrumentalist Ratko Vojtek i Vara\u017edinski komorni orkestar. Ivan je nastupao u Hrvatskoj, Sloveniji, Njema\u010dkoj, \u0160vicarskoj, Bosni i Hercegovini, SAD, \u010ce\u0161koj, Turskoj i Italiji.<\/p>\n<p><a href=\"https:\/\/l.facebook.com\/l.php?u=https%3A%2F%2Fwww.youtube.com%2Fwatch%3Fv%3DFB9TvmOJiOk%26t%3D1214s&amp;h=ATOCWxFxCAX8ImzF-1mvikCEtvW4Mbs6h5nHcJ52uJe5ub1-5YCW3t9NKt8uOIvAzP7w4VXxlneVbHVGLZqydDS8rqCHzyCI7JImun3fo3PgpDe8KNc\">https:\/\/www.youtube.com\/watch?v=FB9TvmOJiOk&amp;t=1214s<\/a><br \/>\n<a href=\"https:\/\/l.facebook.com\/l.php?u=http%3A%2F%2Fivankapec.com%2F&amp;h=ATNW5zYZeBKNXKoE9OoN2xkIFm0Wh1yl0NjiJbh_R7k6PXuDHNYautwoTJhzeDhmIa7WuUxiefIGHuCAjfOXycJxPnA3GVd_HEiXAlFn2qThI4TbFUI\">http:\/\/ivankapec.com\/<\/a><br \/>\n&#8212;&#8212;&#8212;&#8212;&#8212;&#8212;&#8212;&#8212;&#8212;&#8212;&#8212;&#8212;&#8212;&#8212;&#8212;&#8212;&#8212;&#8212;&#8212;&#8212;&#8212;&#8212;&#8212;&#8212;&#8212;&#8212;&#8212;&#8212;&#8212;&#8212;<br \/>\nDrugu no\u0107 na festivalu \u0107e nastupiti ni manje ni vi\u0161e nego Grammyjem nagra\u0111eni umjetnik Cedric Hanriot.<br \/>\nOvaj francuski jazz fusion pijanista (koji u svojim djelima kombinira najraznovrsnije \u017eanrove, od hip-hopa, funka, electronice i latin jazza), jedan je od najvrsnijih jazz muzi\u010dara, a radio je s brojnim velikanima \u017eanra, kao \u0161to su Herbie Hancock, Gregory Porter, Natalie Cole i Chaka Khan, dok je za rad na albumu \u201dBeautiful Life\u201d (2014.) ameri\u010dke pjeva\u010dice Diane Reeves dobio Grammy nagradu za najbolji vokalni jazz album.<br \/>\nNjegov jedinstveni pristup improvizaciji i dovitljiva igra sa modernim muzi\u010dkim pravcima o\u010daravaju svjetske kriti\u010dare.<\/p>\n<p><a href=\"https:\/\/l.facebook.com\/l.php?u=https%3A%2F%2Fwww.youtube.com%2Fwatch%3Fv%3DQEX8cVLiH0E&amp;h=ATOZ7Ma_1XV2GT_bFHw4fi5BV-JBrRkGsSyNZv0r-YG5HjmyMs_lZjkF0teUOp7t6pec3BMOoKaefwVo5EAivdfGoticxqJ6TeHcOC6LSwXzFM1Isj4\">https:\/\/www.youtube.com\/watch?v=QEX8cVLiH0E<\/a><br \/>\n<a href=\"https:\/\/l.facebook.com\/l.php?u=https%3A%2F%2Fwww.youtube.com%2Fwatch%3Fv%3DNWwaygzZzNQ&amp;h=ATM9yyg6tc8ldLugYn3dLCSF8aFxqxjg_X6OcV3v6xpr9bOC6waGQm9L3etbLtxShMVcC_hJEFjRPCah4YqIleqDZ2ci0BpCPC31iQC92HvTEHJb1e0\">https:\/\/www.youtube.com\/watch?v=NWwaygzZzNQ<\/a><br \/>\n<a href=\"https:\/\/l.facebook.com\/l.php?u=http%3A%2F%2Fwww.cedrichanriot.com%2F&amp;h=ATNcROU__2JO1vCeOZCRFxxyhmIMFdg6IHr-QpvlifSNGctUpwHfKJIRyeRE6Vcpvs-onbZ4dxOhOnbYOuEuhQuwLe1jEPSAf7dAOTGHAoFU3yuWNpY\">http:\/\/www.cedrichanriot.com\/<\/a><\/p>\n<p>Sobota 28.7.2018<\/p>\n<p>NESESARI KAKALULU (afrobeat, SLOVENIJA)<br \/>\nPOPE\u010cITELJI (funk, SRBIJA)<br \/>\nTHE CYCLIST CONSPIRACY (psihodelija, SRBIJA)<\/p>\n<p>Nesesari Kakalulu je deveto\u010dlanska grupa koja dolazi iz okolice Nove Gorice. Po\u010detna inspiracija im je bio Fela Kuti ali s vremenom grupa pronalazi svoj muzi\u010dki izraz te po\u010dinje da radi na autorskim pjesmama. Ove godine su nastupili na festivalu INMUSIC u Zagrebu a nedavno su odsvirali jednomjese\u010dnu turneja po Sloveniji u okviru Klubskog Maratona koji organizuje Radio \u0160tudent.<\/p>\n<p><a href=\"https:\/\/l.facebook.com\/l.php?u=https%3A%2F%2Fnesesarikakalulu.bandcamp.com%2F&amp;h=ATP4DsYokiBOuFJ9e54dOMQZ6Pj3BuI5xa5KFHsiUax4XG5Ue5g0pO-ZtxVEgYNMymMUy2zivK0NCALzmab5e6tJomdbuerDi95P6pxmLMR0wuwk9yE\">https:\/\/nesesarikakalulu.bandcamp.com\/<\/a><br \/>\n<a href=\"https:\/\/l.facebook.com\/l.php?u=https%3A%2F%2Fwww.youtube.com%2Fwatch%3Fv%3DoH4LTUDYlno&amp;h=ATNF57qSsiMxP6ae-wFohQGRKgwS-UWYSJRho0nZTpAGpZe602s88v70JdqQCmSBW2KRPqjN5HQW4T6iry8SOBOF78uIBqoQkRWjNL1RE9Y7sizaFPw\">https:\/\/www.youtube.com\/watch?v=oH4LTUDYlno<\/a><br \/>\n&#8212;&#8212;&#8212;&#8212;&#8212;&#8212;&#8212;&#8212;&#8212;&#8212;&#8212;&#8212;&#8212;&#8212;&#8212;&#8212;&#8212;&#8212;&#8212;&#8212;&#8212;&#8212;&#8212;&#8212;&#8212;&#8212;&#8212;&#8212;&#8212;&#8212;-<br \/>\nIz Kragujevca nam sti\u017eu Pope\u010ditelji sa stav koji svira \u201efusion funk\u201c. Grupu Pope\u010ditelji su osnovali bra\u0107a Sa\u0161a i Goran Furunovi\u0107 1994. godine u Pri\u0161tini. Tada\u0161nji peto\u010dlani sastav je imao nekoliko bu\u010dnih i eksplozivnih nastupa i predstavljao je specifi\u010dnu pojavu na tada\u0161njoj pri\u0161tinskoj sceni sviraju\u0107i bu\u010dnu me\u0161avinu nespojivih pravaca (alter, etno, noise, hard core\u2026) . 1999.godine, po zavr\u0161etku bombardovanja, napustiv\u0161i Pri\u0161tinu, grad u kome se grupa ve\u0107 etablirala, Furunovi\u0107i se sele u Kragujevac, koji tada postaje \u017eivotna i stvarala\u010dka baza ovog benda i gde Pope\u010ditelji nastavljaju sa istra\u017eivanjem i negovanjem svog originalnog muzi\u010dkog stila.<br \/>\nPosle jednog od koncerata u Beogradu 2003, dolazi i do saradnje sa Kojom (Disciplin A Kitschme), \u0161to rezultira snimanjem prvog albuma Pope\u010ditelja &#8211; &#8220;Ko radi?&#8221;, u studiju Music Factory u Ko\u0161utnjaku, pod Kojinim producentskim vo\u0111stvom. Plo\u010da, izdata na etiketi Mojo beat 2004. godine, predstavlja briljantnu kombinaciju slobodnog, sirovog folk-fank roka i aran\u017emanski svedene, moderne produkcije, uz primese trans i dram en bejs elemenata. Pope\u010ditelji su kroz mnoge odr\u017eane koncerte samo potvrdili epitet eksplozivnog benda. Takav status doveo je do toga da su, izme\u0111u ostalog, nastupali kao predgrupe Maceo Parkeru, legendarnom saksofonisti D\u017eejmsa Brauna (2003), kao i bendu NoMeansNo (2005). Pored brojnih koncerata u Srbiji i zemljama u regionu, Pope\u010ditelji su nastupali na brojnim festivalima u Poljskoj (Var\u0161ava, \u0106ehanov, Vengo\u017eevo), Italiji (Milano, Rim), Francuskoj (Tuluz, Albi), Austriji (Be\u010d) i Belgiji (Gent).<\/p>\n<p><a href=\"https:\/\/l.facebook.com\/l.php?u=http%3A%2F%2Fwww.drugastvar.com%2Fartists%2Fpopecitelji&amp;h=ATP1E1mtHStLAk0iuusvTILpD0rD8vBKkI7eNa20toJPC9RZk2FIdrwmNV2n265aJ-nFEGIyEzPoaahl2aLqg2oy5rwrwMgRiqGQwT6U8FloLiygQ0E\">http:\/\/www.drugastvar.com\/artists\/popecitelji<\/a><br \/>\n<a href=\"https:\/\/l.facebook.com\/l.php?u=https%3A%2F%2Fwww.youtube.com%2Fwatch%3Fv%3DwTMCsws2CaI&amp;h=ATOJq1DXib-XhotThGKDFRNqP4DzP2y2GmB3kLzel_6hcNTFfCeNbgkM0Oof46oJ0uY7i6DCzg7WHdv5K9stwASrwmok9xN_Jm7eF6NSJOq8s6px67U\">https:\/\/www.youtube.com\/watch?v=wTMCsws2CaI<\/a><br \/>\n<a href=\"https:\/\/l.facebook.com\/l.php?u=https%3A%2F%2Fwww.youtube.com%2Fwatch%3Fv%3D5eHjxiGoPyE&amp;h=ATPVnEAsUhaUykBUAGDb-dCdC4USBJbMQ_q9UuQMKNjG2sQA3QDH40e7wwHvL6u4ps5yZYy3iZvOTRiuk-APGv7x_qdHVeJhkkld0pnAzu-t1btQbmk\">https:\/\/www.youtube.com\/watch?v=5eHjxiGoPyE<\/a><\/p>\n<p>The Cyclist Conspiracy<\/p>\n<p>(Anti) world orkestar The Cyclist Conspiracy je muzi\u010dka ispostava Male bra\u0107e za Misterije poslednjeg doba. Svojevremeno za\u010det kao neformalni projekat u okviru, sada ve\u0107 nepostoje\u0107eg, Dru\u0161tva za razvoj alhemijskih studija \u201eVasko Popa\u201c, danas je dugosviraju\u0107a trupa sastavljena od desetak mu\u0161kih i \u017eenskih du\u0161a. Iako u sebi spaja muzi\u010dke uticaje iz najrazli\u010ditijih delova sveta, orkestar se trudi da izbegne povr\u0161ni, novodobni eklekticizam i da svu svoju kreativnu energiju usmeri ka sintezi pretpostavljenih elemenata. Bilo da su u pitanju Vizantijsko carstvo ili tajni nomadski putevi pustinje, \u010da\u0111ava kr\u010dma prepuna mangasa i raskala\u0161nih \u017eena ili stepa sa nebom samo za \u0161amana, psihodeli\u010dni ili turcke rock, Bliski ili Daleki iistok, putovanja na koja biciklisti odlaze nikako ne predstavljaju potragu za svetlo\u0161\u0107u ovog sveta . Ponekad, ona se ukazuju kao simboli\u010dna potraga za Konstantinopoljem, srcem cikli\u010dnog carstva Vizantije, ali ona su uvek potraga za srcem jedine prave svetlosti \u2013 Agape.<\/p>\n<p><a href=\"https:\/\/www.facebook.com\/TheCyclistConspiracy\">https:\/\/www.facebook.com\/TheCyclistConspiracy<\/a><br \/>\n<a href=\"https:\/\/l.facebook.com\/l.php?u=https%3A%2F%2Fsoundcloud.com%2Fthe-cyclist-conspiracy&amp;h=ATNYGsEEr3bQYTn4xs6gy0bJqWuJ0rpvfUnL9fHEDIjMUlo2t6t12BvvhRCRd8ScKt6gID2dd1Fx-Z0X9G0Ol5Hi2_8grs5DBn_r9mNlG2-KUvVMz6U\">https:\/\/soundcloud.com\/the-cyclist-conspiracy<\/a><br \/>\n<a href=\"https:\/\/l.facebook.com\/l.php?u=https%3A%2F%2Fthecyclistconspiracy.bandcamp.com%2Freleases&amp;h=ATO1anEOE_5Id4-eEmOlN6t_Evw4Rw3o0KlmuaYrUlmoJDqqcEWjbBJ97fpAQgWQDFqae7Cu8wMQuF1WOQah-JOdF9aNtUabD8UXguJ16VbjQr3g-7Y\">https:\/\/thecyclistconspiracy.bandcamp.com\/releases<\/a><\/p>\n<p>Nedjelja 29.7.2018<\/p>\n<p>MIKE KINDRED BLUES TRIO (jazz\/blues, Teksas)<br \/>\nSUNDAY STORIES (jazz, soul; Sarajevo)<br \/>\nJOVAN MALJOKOVI\u0106 BALKAN SALSA BAND (Beograd)<\/p>\n<p>Kao jedan od headlinera na 18.Zelenkovac Jazz festivalu nastupi\u0107e teksa\u0161ka blues legenda Mike Kindred sa svojim triom. On je autor legendarne pjesme &#8220;Cold Shot&#8221; koju je popularizirao Stevie Ray Vaughan, a osim \u0161to je napisao taj klasik blues rocka Mike je u svojoj prebogatoj karijeri sura\u0111ivao sa najve\u0107im imenima poput Jimmie Vaughan, Lou AnnBarton, Lightnin\u2019 Hopkins, Big Mama Thornton itd. Mike Kindred je istinski teksa\u0161ki piano master koji ima jednu od &#8220;najbr\u017eih i najsigurnijih lijevih ruku ikada vi\u0111enih&#8221;. Njegov boogie piano stil je neponovljiv, a njegov hrapavi vokal i smisao za humor dodatno \u0107e za\u010diniti ovaj izvanredni doga\u0111aj na Zelenkovcu! Svakako ne treba ni odpisati Joe-a Fondu, jazz basistu iz New Yorka koji je najpoznatiji po tome \u0161to je bio desna ruka Antonija Brekstona, slavnog jazz kompozitora.<\/p>\n<p><a href=\"https:\/\/l.facebook.com\/l.php?u=http%3A%2F%2Fwww.kindredbluestrio.com%2F&amp;h=ATPGpmlfWFieaR2NCLy4rQKhLnhG2whRe25SWg3BzykIpJnC3BPVcZwRaPZ-AyL3gL2ZOTzwnBMdrOZ-9pVhETawM2lp_zM7XY9GchyJol25XmxkAcc\">http:\/\/www.kindredbluestrio.com\/<\/a><br \/>\n<a href=\"https:\/\/l.facebook.com\/l.php?u=https%3A%2F%2Fwww.youtube.com%2Fwatch%3Fv%3Dx0colRkmcj8&amp;h=ATOmXGkA0vQHsMVak82igxtEFFr6JgTifxCNa7Fv3SRvPIht_0sXVeYHSMYzGXbNSIYjIf90e7IAw_dgsfG07sFDVWO_j_TUQOIzO9To9PvHD8pxFpE\">https:\/\/www.youtube.com\/watch?v=x0colRkmcj8<\/a><br \/>\n<a href=\"http:\/\/music-lp-underground.com\/index_music.php\/15146\/mike-kindred-blues-trio-ovcice04-06-2016\/\">http:\/\/music-lp-underground.com\/index_music.php\/15146\/mike-kindred-blues-trio-ovcice04-06-2016\/<\/a>\u00a0(recenzija koncerta u Splitu)<br \/>\n&#8212;&#8212;&#8212;&#8212;&#8212;&#8212;&#8212;&#8212;&#8212;&#8212;&#8212;&#8212;&#8212;&#8212;&#8212;&#8212;&#8212;&#8212;&#8212;&#8212;&#8212;&#8212;&#8212;&#8212;&#8212;&#8212;&#8212;&#8212;&#8212;&#8211;<\/p>\n<p>&#8220;Sunday Stories&#8221; iz Sarajeva su nas odu\u0161evili svojim nastupom na 17.Zelenkovac Jazz festivalu tako da smo odlu\u010dili da ih zovnemo i sljede\u0107e godine. Sunday Stories je moderni indie punk Jazz\/Soul (MIPJS) band formiran u Sarajevu 2013.godine.<br \/>\nSunday Stories su nastupali u slijede\u0107im gradovima: Sarajevo (BA), Biha\u0107 (BA), Banja Luka (BA), Tuzla (BA), Uskoplje (BA), Mostar (BA), Zenica (BA), Prijedor (BA), Ljubljana (SLO), Ptuj (SLO), Maribor (SLO), Novi Sad (Serbia), Beograd (Serbia), Skopje (Macedonia), Bitola (Macedonia), Ohrid (Macedonia), Korce (Albania), Tirana (Albania), Podgorica (Montenegro).<br \/>\nBitno je ista\u0107i da je ovaj bend predstavnik svjetskog pokreta PFC za BiH te je Nina Babi\u0107 (Vocal) ambasadorka PFC za BiH.<br \/>\nPrvi single Sunday Stories nosi naziv Bajka i objavljen je u martu 2016.godine. Nakon Bajke, u prolje\u0107e 2017.godine objavljen je i album pod okriljem muzi\u010dke produkcije BHRT.<br \/>\nSunday Stories su: Nina Babi\u0107, Sa\u0161a \u0106iri\u0107, Mustafa Mute Kurtali\u0107, Zlatan Begi\u0107, Valentin \u0160eremet.<\/p>\n<p><a href=\"https:\/\/l.facebook.com\/l.php?u=https%3A%2F%2Fwww.youtube.com%2Fwatch%3Fv%3D7HUkSkIr7Qw&amp;h=ATMKmqVGAPJWFUa1x2zk0kvvOfYiXtmX_T0MnWC2mGp2jLPyQKm2p1GF12uaGT-r0RdOOoS3q-DYmGiDxfTma0VCLVG8ROSdVbHuF6VjnfYRcZfuIw8\">https:\/\/www.youtube.com\/watch?v=7HUkSkIr7Qw<\/a><br \/>\n<a href=\"https:\/\/l.facebook.com\/l.php?u=https%3A%2F%2Fwww.youtube.com%2Fwatch%3Fv%3DUmIUT0lVwPQ&amp;h=ATOCRzSVdbO-bZPQZi0qRhYcLh1JSu1aNNgrQtdQUyj4tSdLA8K5GTnyWMIXt9mNO_JkeC5c7YGTvPGPR3L0NmBG1-Q92xRsSmcawF7jNvFU1wDEVpI\">https:\/\/www.youtube.com\/watch?v=UmIUT0lVwPQ<\/a><br \/>\n<a href=\"https:\/\/www.youtube.com\/watch?v=9dgY8rFo27U\">https:\/\/www.youtube.com\/watch?v=9dgY8rFo27U<\/a><br \/>\n&#8212;&#8212;&#8212;&#8212;&#8212;&#8212;&#8212;&#8212;&#8212;&#8212;&#8212;&#8212;&#8212;&#8212;&#8212;&#8212;&#8212;&#8212;&#8212;&#8212;&#8212;&#8212;&#8212;&#8212;<\/p>\n<p>Jovan Maljokovi\u0107 je poznati beogradski d\u017eez saksofonista, kompozitor i aran\u017eer.Sa svojim orkestrom je nastupao na svim doma\u0107im i brojnim festivalima u Evropi, kao i na Kubi. Jedan je od najplodnijih d\u017eez autora u Srbiji. Do sada je objavio deset autorskih albuma. Muzika koju svira je veoma prepoznatljiva. To je fini spoj d\u017eeza i tradicionalne muzike.<\/p>\n<p>Maljokovi\u0107 je od svog prvog albuma koristio balkansku muziku u svojim d\u017eez kompozicijama. \u201cEtno muzika je naro\u010dit vid komunikacije medju raznolikim kulturama. To je mogu\u0107nost za ljude \u0161irom sveta da se bolje razumeju. Kao \u0161to svaka regija ima svoju specifi\u010dnu kuhinju, ona ima i svoj specifi\u010dan \u201cmuzi\u010dki sos\u201d, rekao je Maljokovi\u0107 u jednom intervjuu. Jovan Maljokovi\u0107 i njegov Balkan Salsa Band predstavljali su Srbiju na brojnim evropskim d\u017eez festivalima. Izdvajaju se nastupi na Rottweil Jazz Festival-u (Nema\u010dka), Festivalima kultura u Be\u010du i Luksemburgu, Festivalu Django Rajnhart (Reinhardt) kraj Pariza i, naravno, na presti\u017enom Montreux Jazz Festivalu (\u0160vajcarska), gde je oko 2000 ljudi kraj koncerta do\u010dekalo na nogama. Godine 2004. su, muzi\u010dki, predstavljali SCG na Olimpijadi u Atini. Maljokovi\u0107 je jedan od osniva\u010da i umetni\u010dki direktor Valjevskog d\u017eez festivala. Ovaj festival traje vec dvadeset pet godinai jedini je u Srbiji koji okuplja isklju\u010divo doma\u0107e d\u017eez muzi\u010dare. Maljokovi\u0107 je svirao na brojnim albumima na\u0161ih poznatih pop i rok izvo\u0111a\u010da. Oliver Mandi\u0107, Zdravko \u010coli\u0107, Bijelo dugme, Vampiri, Piloti \u2026samo su neki od njih. \u010cetiri godine je bio solista u orkestru Gorana Bregovi\u0107a, sa kojim je nastupao na najzna\u010dajnijim evropskim scenama.<\/p>\n<p><a href=\"http:\/\/www.jovan-maljokovic.com\/biografija.html\">http:\/\/www.jovan-maljokovic.com\/biografija.html<\/a><\/p>\n<p>Medijski sponzor festivala je MONDO.[:]<\/p>\n","protected":false},"excerpt":{"rendered":"<p>Po\u0161tovani prijatelji prirode i dru\u0161tva, geografije i istorije, Ekolo\u0161ki pokret &#8220;Zelenkovac&#8221; vas poziva na 18.Zelenkovac jazz fest koji se organizuje od 26. do 29.jula 2018 godine. Zna\u010di ove godine postajemo &hellip; <a href=\"https:\/\/www.zelenkovac.com\/?page_id=156\" class=\"more-link\">Continue reading <span class=\"screen-reader-text\">Jazz Festival 2018<\/span> <span class=\"meta-nav\">&rarr;<\/span><\/a><\/p>\n","protected":false},"author":2,"featured_media":0,"parent":0,"menu_order":3,"comment_status":"closed","ping_status":"closed","template":"page-templates\/full-width.php","meta":[],"_links":{"self":[{"href":"https:\/\/www.zelenkovac.com\/index.php?rest_route=\/wp\/v2\/pages\/156"}],"collection":[{"href":"https:\/\/www.zelenkovac.com\/index.php?rest_route=\/wp\/v2\/pages"}],"about":[{"href":"https:\/\/www.zelenkovac.com\/index.php?rest_route=\/wp\/v2\/types\/page"}],"author":[{"embeddable":true,"href":"https:\/\/www.zelenkovac.com\/index.php?rest_route=\/wp\/v2\/users\/2"}],"replies":[{"embeddable":true,"href":"https:\/\/www.zelenkovac.com\/index.php?rest_route=%2Fwp%2Fv2%2Fcomments&post=156"}],"version-history":[{"count":8,"href":"https:\/\/www.zelenkovac.com\/index.php?rest_route=\/wp\/v2\/pages\/156\/revisions"}],"predecessor-version":[{"id":253,"href":"https:\/\/www.zelenkovac.com\/index.php?rest_route=\/wp\/v2\/pages\/156\/revisions\/253"}],"wp:attachment":[{"href":"https:\/\/www.zelenkovac.com\/index.php?rest_route=%2Fwp%2Fv2%2Fmedia&parent=156"}],"curies":[{"name":"wp","href":"https:\/\/api.w.org\/{rel}","templated":true}]}}